{"id":6059,"date":"2020-10-29T14:31:03","date_gmt":"2020-10-29T12:31:03","guid":{"rendered":"https:\/\/blackterrier.si\/?page_id=6059"},"modified":"2024-05-19T22:20:42","modified_gmt":"2024-05-19T20:20:42","slug":"o-nas","status":"publish","type":"page","link":"https:\/\/blackterrier.si\/en\/o-nas\/","title":{"rendered":"About us"},"content":{"rendered":"<div id=\"themify_builder_content-6059\" data-postid=\"6059\" class=\"themify_builder_content themify_builder_content-6059 themify_builder\">\n    \t<!-- module_row -->\n\t<div  class=\"themify_builder_row module_row clearfix module_row_0 themify_builder_6059_row module_row_6059-0 tb_wd4m968\">\n\t    \t    <div class=\"row_inner col_align_top\" >\n\t\t\t<div  class=\"module_column tb-column col-full first tb_6059_column module_column_0 module_column_6059-0-0 tb_7my4971\">\n\t    \t    \t        <div class=\"tb-column-inner\">\n\t\t    <!-- module text -->\n<div  class=\"module module-text tb_yj1w972\">\n            <div  class=\"tb_text_wrap\">\n    <p style=\"text-align: left;\">Welcome to the page of Black Russian Terriers (\"BRT\") Kennel Bella Fantasia, registered at FCI\/KZS (n. 630).<\/p>\n<p style=\"text-align: left;\">We are breeders Neli and Iztok \u0160uler from Slovenia and we would like to bring you closer to the breed in all its power, beauty and elegance; as a wonderful family companion and at the same time as a strong and devoted bodyguard, who is willing to sacrifice his life for you.<\/p>\n<p style=\"text-align: left;\">On the website we are presenting our breeding and champion dogs, who are family members and live freely in our house. We are also very proud of many dogs from our kennel, who has earned many Champion and Grand Champion titles all over the world.\u00a0<\/p>    <\/div>\n<\/div>\n<!-- \/module text -->\n\t        <\/div>\n\t    \t<\/div>\n\t\t    <\/div>\n\t    <!-- \/row_inner -->\n\t<\/div>\n\t<!-- \/module_row -->\n\t\t<!-- module_row -->\n\t<div   class=\"themify_builder_row module_row clearfix repeat-none fullwidth_row_container module_row_1 themify_builder_6059_row module_row_6059-1 tb_qqzn969\">\n\t    \t    <div class=\"row_inner col_align_top\" >\n\t\t\t<div  class=\"module_column tb-column col-full first tb_6059_column module_column_0 module_column_6059-1-0 tb_i2fm973\">\n\t    \t    \t        <div class=\"tb-column-inner\">\n\t\t        <!-- module image -->\n    <div  class=\"module module-image tb_9des973 drop-shadow bordered image-center\">\n\t                <div class=\"image-wrap\">\n                            <img decoding=\"async\" src=\"https:\/\/blackterrier.si\/wp-content\/uploads\/2019\/11\/onasslika-752x500.jpg\" height=\"500\" class=\"wp-post-image wp-image-2071\" alt=\"onasslika\" srcset=\"\" sizes=\"(max-width: 752px) 100vw, 752px\" data-srcset=\"\" \/>            \n                        <\/div>\n            <!-- \/image-wrap -->\n        \n        \n        <\/div>\n    <!-- \/module image -->\n\t        <\/div>\n\t    \t<\/div>\n\t\t    <\/div>\n\t    <!-- \/row_inner -->\n\t<\/div>\n\t<!-- \/module_row -->\n\t\t<!-- module_row -->\n\t<div  class=\"themify_builder_row module_row clearfix module_row_2 themify_builder_6059_row module_row_6059-2 tb_vfmw969\">\n\t    \t    <div class=\"row_inner col_align_top\" >\n\t\t\t<div  class=\"module_column tb-column col-full first tb_6059_column module_column_0 module_column_6059-2-0 tb_1m2d973\">\n\t    \t    \t        <div class=\"tb-column-inner\">\n\t\t    <!-- module text -->\n<div  class=\"module module-text tb_xg26973\">\n            <div  class=\"tb_text_wrap\">\n    <p>Bella -Tera, our first Black russian terrier, came in our house in 2004, with five World Champions from the biggest Russian Kennels: Ruskoi Dinastii, Tsarstvo Reglash, Chernoy Stai and Barbi s Bronnich in her Pedigree. Aljonka Krasna Karabasova and Arabella Bella Fantasia (from Terra\u2019s first litter) got one more World Champion title with their father Karabas Barabas iz Chigasovo. To this line we added: res. WW from kennel Zolotoy Grad (Zar s Zolotogo Grada), lines von Belaja Gora, Magnateria, Malahovskiy.<\/p>\n<p>With us now live Emporia, Futura and Hryushka.<\/p>\n<p>As responsible breeders we take care in giving our puppies a good start in life. We are trying to breed beautiful, teachable and character-stable dogs. Therefore, all our dogs have passed the B-BH exam, and some continue to train for higher exams.<\/p>\n<p>We take care in choosing healthy, beautiful, stabile parents and right combination of blood lines and genetic tests.<\/p>\n<p>Most of people see this breed on beauty shows, when they are perfectly groomed and represented. We want our puppies to look just like BRTs on shows, so we offer our owners grooming on standard norms. We share with them all experiences about care, teaching and exhibiting on the show. All this things compose a dog, which brings to us pride and joy.<\/p>\n<h3><strong>CHAMPIONS FROM OUR KENNEL:<\/strong><\/h3>\n<p><strong>OUR HOME DOGS:<\/strong><\/p>\n<ul>\n<li><span style=\"color: #993366;\"><a style=\"color: #993366;\" href=\"https:\/\/blackterrier.si\/en\/aljonka-k-k\/\">ALJONKA KRASNA KARABASOVA:<\/a><\/span> INT Ch, Ch SLO, Ch A, Ch Cro, JCh SLO, Club Ch<\/li>\n<li><span style=\"color: #993366;\"><a style=\"color: #993366;\" href=\"https:\/\/blackterrier.si\/en\/arabella-b-f\/\">ARABELLA BELLA FANTASIA<\/a>: <\/span>INT CH, CH Slo, CH Cro, VCH Slo<\/li>\n<li><span style=\"color: #993366;\"><a style=\"color: #993366;\" href=\"https:\/\/blackterrier.si\/en\/bella\/\">BELLA<\/a>:<\/span> CH Slo, VCH Slo<\/li>\n<li><span style=\"color: #993366;\"><a style=\"color: #993366;\" href=\"https:\/\/blackterrier.si\/en\/emporia-b-f\/\">EMPORIA BELLA FANTASIA<\/a>:<\/span> INT CH, GRAND CH Slo, CH Slo, CLUB CH, CH Cro, CH A, JCH Slo, Junior Club CH, Winter Winner \u201c16,<\/li>\n<li><span style=\"color: #993366;\"><a style=\"color: #993366;\" href=\"https:\/\/blackterrier.si\/en\/futura-a-b-f\/\">FUTURA ALJONKINA BELLA FANTASIA:<\/a><\/span> INT CH, GRAND CH Slo, Club CH, CH Slo, CH Hr, CH A, CH Bih, JCH Slo, JCH A, Alpen-Jugendsieger \u201916, Crufts Qual, Special Winner<\/li>\n<li><span style=\"color: #993366;\"><a style=\"color: #993366;\" href=\"https:\/\/blackterrier.si\/en\/hryushka-b-f\/\">HRYUSHKA BELLA FANTASIA:<\/a><\/span> INT Ch, GRAND Ch SLO, Ch SLO, Ch A, Ch Cro, JCh SLO, JCh Cro, JCh A, Crufts Qual.<\/li>\n<\/ul>\n<p><strong>OTHER DOGS FROM THE KENNEL:<br \/><\/strong><em>More about them on the pages:<\/em> <span style=\"color: #993366;\"><a style=\"color: #993366;\" href=\"https:\/\/blackterrier.si\/en\/plemenjaki\/\">MALES-CHAMPIONS<\/a> <\/span>&amp;<span style=\"color: #993366;\"> <a style=\"color: #993366;\" href=\"https:\/\/blackterrier.si\/en\/psice\/\">FEMALES-CHAMPIONS<\/a><\/span><\/p>\n<ul>\n<li>AKVAMARIN KARABASOV: INT CH, CH Slo, CH Srb.<\/li>\n<li>BARIN BISERNI BELLA FANTASIA: INT CH, MULTI CH - Slo, A, Mne, Mol, Bol, Mac, Srb, Cro, Aze, Cyp, Tur, Ua, Fil, Balkan CH, Grand Bol. Ch, Grand Mda Ch., 4x Club CH, Black Sea Winner, Winter Winner; JCH Slo, Mne, Cro, Srb<\/li>\n<li>BARABAN GLASNI BELLA FANTASIA: Club CH, CH Slo, CH Cro<\/li>\n<li>DIVNA NOCHKA BELLA FANTASIA: INT CH, CH Slo, CH Cro, JCH Slo<\/li>\n<li>DAR ZAR BELLA FANTASIA: INT CH, CH Slo, CH Cro, JCH Slo, Special Winner<\/li>\n<li>ELLENKA BELLA FANTASIA: CH Slo, JCH Slo<\/li>\n<li>EXLIBRIS BELLA FANTASIA: JCH Slo, Junior Club CH<\/li>\n<li>FLAMINGO KRASNI BELLA FANTASIA: JCH Srb, Junior Club CH<\/li>\n<li>FLORA DIVNAYA BELLA FANTASIA: AKC Champion<\/li>\n<li>GOLDEN GRIFFIN BELLA FANTASIA: INT Ch, CH Denmark, CH Norwege, Nor. Winner<\/li>\n<li>GRAFFIT BOY BELLA FANTASIA: JCH Slo<\/li>\n<li>HONORA BELLA FANTASIA: GRAND CH Slo, CH Slo, CH A, Bundessiegerin \u201919, Karawankenwinner \u201919, Crufts Qual., Alpen \u2013 Jugendsieger \u201918\u00a0<\/li>\n<li>HERODES FYODOR BELLA FANTASIA: IABCA International Champion, AKC GRAND CH, AKC CH, Best male at BRT National Specialty in USA 2019<\/li>\n<li>HIRA OKA BELLA FANTASIA: CH Slo<\/li>\n<li>JAMES DEAN BELLA FANTASIA: JCH H<\/li>\n<li>KARISSA KARA BELLA FANTASIA: GRAND CH Slo, CH Slo, JCH Slo<\/li>\n<li>KANARIS KRASNY BELLA FANTASIA: JCH Slo<\/li>\n<li>KRASNAYA ALJONKA BELLA FANTASIA: JCH Slo<\/li>\n<li>KASPAR KOROL BELLA FANTASIA: JCH Slo<\/li>\n<li>KODIAK SILNY BELLA FANTASIA: INT CH, Ch Montenegro, Grand Ch Montenegro, Ch Yugoslavia, Grand Cg Yugoslavia, Ch Adriatic, Grand Ch Adriatic, Ch Mediterranean, Grand Ch Mediterranean, Ch NATO, Grand Ch NATO, Ch Balkan, Grand Ch Balkan, Boka Winner, Grand CH Serbia, SRB CH, ROM CH, ROM CH Cum Laudae, DEN CH, DEN W., CH KFT, CH SLO, H CH, BIH CH, Grand CH BIH, CH of Federation BIH, Club Winner, Sarajevo Winner, JCH KFT, JCH VDH (Deutschland), Crufts Qual. \u201921 \u201922 \u201923<\/li>\n<li>KARMIN ZHAROV SYN BELLA FANTASIA: CH H<\/li>\n<li>LUNA ZHARKA BELLA FANTASIA: CH Slo<\/li>\n<li>LAGUNA LYUBVI BELLA FANTASIA: CH H<\/li>\n<li>MAJESTIC BELLA FANTASIA for KGB: AKC CH, AKC GRAND CHAMPION BRONZE<\/li>\n<li>MIKEY MASTER BELLA FANTASIA: CH Slo, JCH Slo<\/li>\n<li>MAJOR MUDRIY BELLA FANTASIA: AKC CH<\/li>\n<li>MAXIMA BELLA FANTASIA: CH Slo<\/li>\n<li>MOLODOY GORK BELLA FANTASIA: CH Slo<\/li>\n<\/ul>    <\/div>\n<\/div>\n<!-- \/module text -->\n\t        <\/div>\n\t    \t<\/div>\n\t\t    <\/div>\n\t    <!-- \/row_inner -->\n\t<\/div>\n\t<!-- \/module_row -->\n\t<\/div>\n<!-- \/themify_builder_content -->","protected":false},"excerpt":{"rendered":"<p>Dobrodo\u0161li na strani \u010drnih ruskih terierjev (&#8220;\u010cRT&#8221;) psarne Bella Fantasia! Vzreditelja Neli in Iztok \u0160uler vam \u017eeliva pribli\u017eati pasmo v vsej njeni mogo\u010dnosti, lepoti, eleganci; v vlogi \u010dudovitega dru\u017einskega spremljevalca ter hkrati mo\u010dnega in vdanega telesnega stra\u017earja, ki je za vas pripravljen \u017ertvovati svoje \u017eivljenje. Predstavljava vam pse, \u017eive\u010de z nami in pse, ki so [&hellip;]<\/p>\n","protected":false},"author":1,"featured_media":0,"parent":0,"menu_order":0,"comment_status":"closed","ping_status":"closed","template":"","meta":{"footnotes":""},"_links":{"self":[{"href":"https:\/\/blackterrier.si\/en\/wp-json\/wp\/v2\/pages\/6059"}],"collection":[{"href":"https:\/\/blackterrier.si\/en\/wp-json\/wp\/v2\/pages"}],"about":[{"href":"https:\/\/blackterrier.si\/en\/wp-json\/wp\/v2\/types\/page"}],"author":[{"embeddable":true,"href":"https:\/\/blackterrier.si\/en\/wp-json\/wp\/v2\/users\/1"}],"replies":[{"embeddable":true,"href":"https:\/\/blackterrier.si\/en\/wp-json\/wp\/v2\/comments?post=6059"}],"version-history":[{"count":42,"href":"https:\/\/blackterrier.si\/en\/wp-json\/wp\/v2\/pages\/6059\/revisions"}],"predecessor-version":[{"id":7696,"href":"https:\/\/blackterrier.si\/en\/wp-json\/wp\/v2\/pages\/6059\/revisions\/7696"}],"wp:attachment":[{"href":"https:\/\/blackterrier.si\/en\/wp-json\/wp\/v2\/media?parent=6059"}],"curies":[{"name":"wp","href":"https:\/\/api.w.org\/{rel}","templated":true}]}}