{"id":2403,"date":"2019-11-08T21:17:43","date_gmt":"2019-11-08T21:17:43","guid":{"rendered":"https:\/\/blackterrier.si\/?page_id=2403"},"modified":"2020-08-20T08:45:25","modified_gmt":"2020-08-20T06:45:25","slug":"opis-pasme","status":"publish","type":"page","link":"https:\/\/blackterrier.si\/en\/opis-pasme\/","title":{"rendered":"About BRT"},"content":{"rendered":"<p><\/p>\n\n\n\n\n\n<p><\/p>\n<div id=\"themify_builder_content-2403\" data-postid=\"2403\" class=\"themify_builder_content themify_builder_content-2403 themify_builder\">\n    \t<!-- module_row -->\n\t<div   class=\"themify_builder_row module_row clearfix module_row_0 themify_builder_2403_row module_row_2403-0 tb_x0ml512\">\n\t    \t    <div class=\"row_inner col_align_top\" >\n\t\t\t<div  class=\"module_column tb-column col-full first tb_2403_column module_column_0 module_column_2403-0-0 tb_ki1p512\">\n\t    \t    \t        <div class=\"tb-column-inner\">\n\t\t    <!-- module text -->\n<div  class=\"module module-text tb_2wyn130\">\n            <div  class=\"tb_text_wrap\">\n    <h2 style=\"text-align: center;\">ABOUT THE BREED BLACK RUSSIAN TERRIER<\/h2>\n<p>The Black Russian Terrier originates from the former Soviet Union (Russia) and is the only service breed that was created in such a short - forty-year period. As a service breed, the Red Star Service Dog Breeding Institute created it from breeds: large schnauzer, airedale, rottweiler and a small proportion of the Moscow diver, which originated from the Newfoundland, Caucasian, Central Asian Shepherd and\u2026 (more on the origin of HISTORY ). In 1957, dogs were first presented at a state show in Moscow and attracted a lot of attention, and the breed was first introduced to the world in Helsinki in 1975. In 1984, the FCI officially recognized it as the \"black terrier\". This is not a terrier in the true sense, so it is not classified in III. FCI group among terriers, but in II. FCI group between large breeds and moloses.<\/p>\n<p>From military hands, breeding soon moved to amateur, and so by then the rough type of dog had become a stable, calm, manageable and devoted family member and a good human companion. He likes to please his master, but becomes sharp and flashy when he feels that his loved ones are in danger. He is very self-sacrificing, especially towards children. He likes to establish a hierarchy with family members. He is tolerant of other animals and has no hunting instinct. He does not tolerate a lonely life and chain, so he needs a man who will have time for him. Good socialization and a consistent and disciplined upbringing are recommended. He is great for school, smart, confident and reliable. Education should start with the puppy, and schooling at four to six months in a small school, because by that time it has already reached a considerable size and weight. It is harmless and almost invisible in the apartment.<\/p>\n<p>The Black Russian Terrier is of above-average size: bitches 68 - 72 cm and dogs 72 - 76 cm (more in FCI STANDARD). The weight is around 45-60 kg. It is very harmonious and elegant and almost square in size. The whole body is covered with black, long, wavy and airy hair, which is odorless and does not fall out with regular combing. The head is characterized by a long tuft and chin. On the extremities the hair is longer, on the body shorter. Care requires at least once a week brushing, bathing every 2-3 months or as needed. Shearing is mandatory and in accordance with the criteria 3-4 times a year.<\/p>\n<p><strong>A well-mannered and nice groomed BRT will be a pride for every owner.<\/strong><\/p>    <\/div>\n<\/div>\n<!-- \/module text -->\n\t        <\/div>\n\t    \t<\/div>\n\t\t    <\/div>\n\t    <!-- \/row_inner -->\n\t<\/div>\n\t<!-- \/module_row -->\n\t<\/div>","protected":false},"excerpt":{"rendered":"<p>SPLO\u0160EN OPIS \u010cRNEGA RUSKEGA TERIERJA \u010crni ruski terier izvira iz nekdanje SZ (Rusije) in je edina slu\u017ebena pasma, ki je nastala v tako kratkem \u2013 \u0161tiridesetletnem obdobju . Kot slu\u017ebeno pasmo jo je zavod za vzrejo slu\u017ebenih psov &#8221;Rde\u010da zvezda&#8221; ustvaril iz pasem: veliki \u0161navcer, airedalec, rottweiler ter majhen dele\u017e\u00a0 moskovskega potaplja\u010da, ki pa je [&hellip;]<\/p>\n","protected":false},"author":1,"featured_media":0,"parent":0,"menu_order":0,"comment_status":"closed","ping_status":"closed","template":"","meta":{"footnotes":""},"_links":{"self":[{"href":"https:\/\/blackterrier.si\/en\/wp-json\/wp\/v2\/pages\/2403"}],"collection":[{"href":"https:\/\/blackterrier.si\/en\/wp-json\/wp\/v2\/pages"}],"about":[{"href":"https:\/\/blackterrier.si\/en\/wp-json\/wp\/v2\/types\/page"}],"author":[{"embeddable":true,"href":"https:\/\/blackterrier.si\/en\/wp-json\/wp\/v2\/users\/1"}],"replies":[{"embeddable":true,"href":"https:\/\/blackterrier.si\/en\/wp-json\/wp\/v2\/comments?post=2403"}],"version-history":[{"count":4,"href":"https:\/\/blackterrier.si\/en\/wp-json\/wp\/v2\/pages\/2403\/revisions"}],"predecessor-version":[{"id":4233,"href":"https:\/\/blackterrier.si\/en\/wp-json\/wp\/v2\/pages\/2403\/revisions\/4233"}],"wp:attachment":[{"href":"https:\/\/blackterrier.si\/en\/wp-json\/wp\/v2\/media?parent=2403"}],"curies":[{"name":"wp","href":"https:\/\/api.w.org\/{rel}","templated":true}]}}